{"id":4239,"date":"2024-02-05T10:02:36","date_gmt":"2024-02-05T10:02:36","guid":{"rendered":"https:\/\/mihenkkesicitakimlar.com\/main\/?post_type=product&#038;p=4239"},"modified":"2026-01-07T16:20:07","modified_gmt":"2026-01-07T16:20:07","slug":"icten-su-vermeli-matkap","status":"publish","type":"product","link":"https:\/\/mihenkkesicitakimlar.com\/main\/product\/icten-su-vermeli-matkap\/","title":{"rendered":"\u0130\u00e7ten Su Vermeli Matkap Ucu"},"content":{"rendered":"<p>T\u00fcm malzemelerde verimli delme i\u015flemleriniz i\u00e7in 3D&#8217;den 20D&#8217;ye kadar standart ve i\u00e7ten su vermeli modellerde<\/p>\n<h4>Matkap U\u00e7lar\u0131m\u0131z:<\/h4>\n<ul>\n<li>Standart Matkap Ucu<\/li>\n<li>3 ila 15 mm aras\u0131nda farkl\u0131 \u00e7ap,<\/li>\n<li>K\u0131sa, Uzun ve Ekstra Uzun boy,<\/li>\n<li>ATN Kaplamal\u0131 ve Kaplamas\u0131z<\/li>\n<li>Y\u00fcksek \u0130\u015flem Hacmine Sahip<\/li>\n<li>\u00dcst\u00fcn Performans \u00d6zellikli<\/li>\n<\/ul>\n<p>olarak \u00fcretilmektedir.<\/p>\n","protected":false},"excerpt":{"rendered":"<ul>\n<li>Standart Matkap Ucu<\/li>\n<li>Kaplamal\u0131<\/li>\n<li>Y\u00fcksek Delme H\u0131z\u0131<\/li>\n<\/ul>\n","protected":false},"featured_media":4240,"template":"","meta":[],"product_cat":[132],"product_tag":[],"class_list":{"0":"post-4239","1":"product","2":"type-product","3":"status-publish","4":"has-post-thumbnail","6":"product_cat-matkap-uclari","7":"pa_cap-10mm","9":"first","10":"instock","11":"shipping-taxable","12":"product-type-simple"},"jetpack_sharing_enabled":true,"_links":{"self":[{"href":"https:\/\/mihenkkesicitakimlar.com\/main\/wp-json\/wp\/v2\/product\/4239","targetHints":{"allow":["GET"]}}],"collection":[{"href":"https:\/\/mihenkkesicitakimlar.com\/main\/wp-json\/wp\/v2\/product"}],"about":[{"href":"https:\/\/mihenkkesicitakimlar.com\/main\/wp-json\/wp\/v2\/types\/product"}],"wp:featuredmedia":[{"embeddable":true,"href":"https:\/\/mihenkkesicitakimlar.com\/main\/wp-json\/wp\/v2\/media\/4240"}],"wp:attachment":[{"href":"https:\/\/mihenkkesicitakimlar.com\/main\/wp-json\/wp\/v2\/media?parent=4239"}],"wp:term":[{"taxonomy":"product_cat","embeddable":true,"href":"https:\/\/mihenkkesicitakimlar.com\/main\/wp-json\/wp\/v2\/product_cat?post=4239"},{"taxonomy":"product_tag","embeddable":true,"href":"https:\/\/mihenkkesicitakimlar.com\/main\/wp-json\/wp\/v2\/product_tag?post=4239"}],"curies":[{"name":"wp","href":"https:\/\/api.w.org\/{rel}","templated":true}]}}