{"id":4231,"date":"2024-02-05T08:49:01","date_gmt":"2024-02-05T08:49:01","guid":{"rendered":"https:\/\/mihenkkesicitakimlar.com\/main\/?post_type=product&#038;p=4231"},"modified":"2024-02-05T08:50:42","modified_gmt":"2024-02-05T08:50:42","slug":"cok-agizli-freze","status":"publish","type":"product","link":"https:\/\/mihenkkesicitakimlar.com\/main\/product\/cok-agizli-freze\/","title":{"rendered":"\u00c7ok A\u011f\u0131zl\u0131 Freze"},"content":{"rendered":"<p>\u00dcst\u00fcn performans ve y\u00fczey kalitesi i\u00e7in, her t\u00fcrl\u00fc malzemede kaba ve fini\u015f i\u015flemlerine uygun geni\u015f \u00fcr\u00fcn yelpazesi<\/p>\n<h4>Frezelerimiz:<\/h4>\n<ul>\n<li>\u00c7ok A\u011f\u0131zl\u0131 Freze<\/li>\n<li>3 ila 15 mm aras\u0131nda farkl\u0131 \u00e7ap,<\/li>\n<li>K\u0131sa, Uzun ve Ekstra Uzun boy,<\/li>\n<li>ATN Kaplamal\u0131 ve Kaplamas\u0131z<\/li>\n<li>Y\u00fcksek \u0130\u015flem Hacmine Sahip<\/li>\n<li>\u00dcst\u00fcn Performans \u00d6zellikli<\/li>\n<\/ul>\n<p>olarak \u00fcretilmektedir.<\/p>\n","protected":false},"excerpt":{"rendered":"<ul>\n<li>Karb\u00fcr Freze<\/li>\n<li>ATN Kaplamal\u0131<\/li>\n<li>Y\u00fcksek Kesme H\u0131z\u0131<\/li>\n<\/ul>\n","protected":false},"featured_media":4232,"template":"","meta":[],"product_cat":[49],"product_tag":[],"class_list":{"0":"post-4231","1":"product","2":"type-product","3":"status-publish","4":"has-post-thumbnail","6":"product_cat-frezeler","7":"pa_cap-10mm","9":"first","10":"instock","11":"shipping-taxable","12":"product-type-simple"},"jetpack_sharing_enabled":true,"_links":{"self":[{"href":"https:\/\/mihenkkesicitakimlar.com\/main\/wp-json\/wp\/v2\/product\/4231","targetHints":{"allow":["GET"]}}],"collection":[{"href":"https:\/\/mihenkkesicitakimlar.com\/main\/wp-json\/wp\/v2\/product"}],"about":[{"href":"https:\/\/mihenkkesicitakimlar.com\/main\/wp-json\/wp\/v2\/types\/product"}],"wp:featuredmedia":[{"embeddable":true,"href":"https:\/\/mihenkkesicitakimlar.com\/main\/wp-json\/wp\/v2\/media\/4232"}],"wp:attachment":[{"href":"https:\/\/mihenkkesicitakimlar.com\/main\/wp-json\/wp\/v2\/media?parent=4231"}],"wp:term":[{"taxonomy":"product_cat","embeddable":true,"href":"https:\/\/mihenkkesicitakimlar.com\/main\/wp-json\/wp\/v2\/product_cat?post=4231"},{"taxonomy":"product_tag","embeddable":true,"href":"https:\/\/mihenkkesicitakimlar.com\/main\/wp-json\/wp\/v2\/product_tag?post=4231"}],"curies":[{"name":"wp","href":"https:\/\/api.w.org\/{rel}","templated":true}]}}