{"id":2942,"date":"2021-04-17T13:14:44","date_gmt":"2021-04-17T13:14:44","guid":{"rendered":"https:\/\/mihenkkesicitakimlar.com\/main\/?page_id=2942"},"modified":"2026-01-07T16:17:18","modified_gmt":"2026-01-07T16:17:18","slug":"iletisim","status":"publish","type":"page","link":"https:\/\/mihenkkesicitakimlar.com\/main\/iletisim\/","title":{"rendered":"\u0130leti\u015fim"},"content":{"rendered":"<section class=\"wpb-content-wrapper\"><p>[vc_row gap=&#8221;40&#8243; element_id=&#8221;912009&#8243;][vc_column animation_delay=&#8221;0&#8243; element_id=&#8221;54703&#8243; offset=&#8221;vc_col-lg-7 vc_col-md-12 vc_col-xs-12&#8243; crp=&#8221;374:i:i,375-767:i:i,768-1023:i:i,1024-1279:i:i,1280-1599:i:i,1600-1919:i:i&#8221;]<h4 class=\"et-heading text-align-left highlight-false\" id=\"et-heading-749443\" ><span class=\"text-wrapper\"><span class=\"text\">Siz De\u011ferli M\u00fc\u015fterilerimize \u00d6nemli Bir Mesaj!<\/span><span class=\"curtain\"><\/span><\/span><\/h4><span class=\"et-gap et-clearfix et-gap-78568\"><\/span>[vc_column_text animation_delay=&#8221;0&#8243;]<\/p>\n<p style=\"font-size: 16px; line-height: 26px;\">Her bir m\u00fc\u015fteriye ula\u015fmak i\u00e7in \u00f6zenle \u00e7al\u0131\u015f\u0131yoruz. M\u00fc\u015fterilerimizin ekipmanlar\u0131n\u0131 almak i\u00e7in ne kadar istekli olduklar\u0131n\u0131 anlayan \u00fcretim tutkunlar\u0131y\u0131z.<\/p>\n<p>[\/vc_column_text]<span class=\"et-gap et-clearfix et-gap-546611\"><\/span><div id=\"et-icon-box-container-172549\" class=\"columns-2 et-icon-box-container gap-true border-false top\" data-animation=\"none\"><div id=\"et-icon-box-389450\" class=\"et-icon-box vci icon-position-left icon-alignment-left animation-none large\" data-effect=\"none\"><div class=\"et-icon-box-inner et-clearfix large\"><div class=\"et-icon large\"><svg xmlns=\"http:\/\/www.w3.org\/2000\/svg\" viewBox=\"0 0 512 512\"><path d=\"M136 210c-24.814 0-45 20.186-45 45v122c0 24.814 20.186 45 45 45s45-20.186 45-45V255c0-24.814-20.186-45-45-45zM61 255c0-4.327.571-8.507 1.278-12.634C44.2 248.209 31 265.001 31 285v62c0 19.999 13.2 36.791 31.278 42.634C61.571 385.507 61 381.327 61 377V255zM376 210c-24.814 0-45 20.186-45 45v122c0 24.814 20.186 45 45 45 4.51 0 8.782-.868 12.892-2.108C383.308 438.401 366.305 452 346 452h-47.763c-6.213-17.422-22.707-30-42.237-30-24.814 0-45 20.186-45 45s20.186 45 45 45c19.53 0 36.024-12.578 42.237-30H346c41.353 0 75-33.647 75-75V255c0-24.814-20.186-45-45-45zM449.722 242.366c.707 4.127 1.278 8.307 1.278 12.634v122c0 4.327-.571 8.507-1.278 12.634C467.8 383.791 481 366.999 481 347v-62c0-19.999-13.2-36.791-31.278-42.634z\"><\/path><path d=\"M256 0C131.928 0 31 100.928 31 225v.383c8.937-6.766 19.277-11.717 30.687-13.934C68.698 110.251 153.054 30 256 30s187.302 80.251 194.313 181.448c11.409 2.217 21.749 7.169 30.687 13.934V225C481 100.928 380.072 0 256 0z\"><\/path><\/svg> <\/div><div class=\"et-icon-content\"><h4 class=\"et-icon-box-title default\">Fabrika \/ 0507 321 6280<\/h4><p class=\"et-icon-box-content\">Hafta i\u00e7i ve Cumartesi: 09 &#8211; 18 aras\u0131<br \/>\nPazar: Kapal\u0131<\/p><\/div><\/div><\/div><div id=\"et-icon-box-881216\" class=\"et-icon-box vci icon-position-left icon-alignment-left animation-none large\" data-effect=\"none\"><div class=\"et-icon-box-inner et-clearfix large\"><div class=\"et-icon large\"><svg xmlns=\"http:\/\/www.w3.org\/2000\/svg\" height=\"512pt\" viewBox=\"0 0 512 512\" width=\"512pt\"><path d=\"M512 346.5c0-63.535-36.45-120.238-91.04-147.82-1.694 121.82-100.46 220.586-222.28 222.28C226.262 475.55 282.965 512 346.5 512c29.79 0 58.758-7.934 84.21-23.008l80.567 22.285-22.285-80.566C504.066 405.258 512 376.289 512 346.5zm0 0\"><\/path><path d=\"M391 195.5C391 87.7 303.3 0 195.5 0S0 87.7 0 195.5c0 35.133 9.352 69.34 27.11 99.371L.718 390.277l95.41-26.386C126.16 381.648 160.367 391 195.5 391 303.3 391 391 303.3 391 195.5zM165.5 150h-30c0-33.086 26.914-60 60-60s60 26.914 60 60c0 16.793-7.11 32.934-19.512 44.277L210.5 217.605V241h-30v-36.605l35.234-32.25c6.297-5.762 9.766-13.625 9.766-22.145 0-16.543-13.457-30-30-30s-30 13.457-30 30zm15 121h30v30h-30zm0 0\"><\/path><\/svg> <\/div><div class=\"et-icon-content\"><h4 class=\"et-icon-box-title default\">Destek \/ 0507 321 6280<\/h4><p class=\"et-icon-box-content\">Hafta i\u00e7i ve Cumartesi: 08 &#8211; 18 aras\u0131<br \/>\nPazar: Kapal\u0131<\/p><\/div><\/div><\/div><\/div><div class=\"et-separator et-clearfix animate-false solid left horizontal et-separator-346014\" data-delay=\"\"><div class=\"line\"><\/div><\/div><h4 class=\"et-heading text-align-left highlight-false\" id=\"et-heading-798221\" ><span class=\"text-wrapper\"><span class=\"text\">Harita ve Adres<\/span><span class=\"curtain\"><\/span><\/span><\/h4><span class=\"et-gap et-clearfix et-gap-464260\"><\/span>[vc_row_inner equal_height=&#8221;yes&#8221; content_placement=&#8221;middle&#8221; element_id=&#8221;572371&#8243;][vc_column_inner width=&#8221;1\/2&#8243;][vc_gmaps link=&#8221;#E-8_JTNDaWZyYW1lJTIwc3JjJTNEJTIyaHR0cHMlM0ElMkYlMkZ3d3cuZ29vZ2xlLmNvbSUyRm1hcHMlMkZlbWJlZCUzRnBiJTNEJTIxMW0xNCUyMTFtMTIlMjExbTMlMjExZDUwMC44MjkzMjMyMjA1NDA0JTIxMmQzMi41NDY5MzY4OTgwNjUzNiUyMTNkMzcuOTI1ODM0NzE4NDU2NTklMjEybTMlMjExZjAlMjEyZjAlMjEzZjAlMjEzbTIlMjExaTEwMjQlMjEyaTc2OCUyMTRmMTMuMSUyMTVlMCUyMTNtMiUyMTFzdHIlMjEyc3RyJTIxNHYxNzA3MDY3NjM5OTA0JTIxNW0yJTIxMXN0ciUyMTJzdHIlMjIlMjB3aWR0aCUzRCUyMjYwMCUyMiUyMGhlaWdodCUzRCUyMjQ1MCUyMiUyMHN0eWxlJTNEJTIyYm9yZGVyJTNBMCUzQiUyMiUyMGFsbG93ZnVsbHNjcmVlbiUzRCUyMiUyMiUyMGxvYWRpbmclM0QlMjJsYXp5JTIyJTIwcmVmZXJyZXJwb2xpY3klM0QlMjJuby1yZWZlcnJlci13aGVuLWRvd25ncmFkZSUyMiUzRSUzQyUyRmlmcmFtZSUzRQ==&#8221; size=&#8221;210&#8243;][\/vc_column_inner][vc_column_inner width=&#8221;1\/2&#8243;]<span class=\"et-gap et-clearfix et-gap-360068 hide768\"><\/span><h6 class=\"et-heading text-align-left highlight-false\" id=\"et-heading-659213\" ><span class=\"text-wrapper\"><span class=\"text\">Merkez \/ Fabrika<\/span><span class=\"curtain\"><\/span><\/span><\/h6><ul id=\"et-icon-list-67005\" class=\"et-icon-list extra-small\" ><li><div class=\"icon-wrap\"><div class=\"et-icon size-extra-small\"><svg xmlns=\"http:\/\/www.w3.org\/2000\/svg\" viewBox=\"0 0 492.004 492.004\"><path d=\"M382.678 226.804L163.73 7.86C158.666 2.792 151.906 0 144.698 0s-13.968 2.792-19.032 7.86l-16.124 16.12c-10.492 10.504-10.492 27.576 0 38.064L293.398 245.9l-184.06 184.06c-5.064 5.068-7.86 11.824-7.86 19.028 0 7.212 2.796 13.968 7.86 19.04l16.124 16.116c5.068 5.068 11.824 7.86 19.032 7.86s13.968-2.792 19.032-7.86L382.678 265c5.076-5.084 7.864-11.872 7.848-19.088.016-7.244-2.772-14.028-7.848-19.108z\"><\/path><\/svg> <\/div><\/div><div>Telefon: +90.332 346 4114<\/div><\/li><li><div class=\"icon-wrap\"><div class=\"et-icon size-extra-small\"><svg xmlns=\"http:\/\/www.w3.org\/2000\/svg\" viewBox=\"0 0 492.004 492.004\"><path d=\"M382.678 226.804L163.73 7.86C158.666 2.792 151.906 0 144.698 0s-13.968 2.792-19.032 7.86l-16.124 16.12c-10.492 10.504-10.492 27.576 0 38.064L293.398 245.9l-184.06 184.06c-5.064 5.068-7.86 11.824-7.86 19.028 0 7.212 2.796 13.968 7.86 19.04l16.124 16.116c5.068 5.068 11.824 7.86 19.032 7.86s13.968-2.792 19.032-7.86L382.678 265c5.076-5.084 7.864-11.872 7.848-19.088.016-7.244-2.772-14.028-7.848-19.108z\"><\/path><\/svg> <\/div><\/div><div>GSM: +90.507 321 6280<\/div><\/li><li><div class=\"icon-wrap\"><div class=\"et-icon size-extra-small\"><svg xmlns=\"http:\/\/www.w3.org\/2000\/svg\" viewBox=\"0 0 492.004 492.004\"><path d=\"M382.678 226.804L163.73 7.86C158.666 2.792 151.906 0 144.698 0s-13.968 2.792-19.032 7.86l-16.124 16.12c-10.492 10.504-10.492 27.576 0 38.064L293.398 245.9l-184.06 184.06c-5.064 5.068-7.86 11.824-7.86 19.028 0 7.212 2.796 13.968 7.86 19.04l16.124 16.116c5.068 5.068 11.824 7.86 19.032 7.86s13.968-2.792 19.032-7.86L382.678 265c5.076-5.084 7.864-11.872 7.848-19.088.016-7.244-2.772-14.028-7.848-19.108z\"><\/path><\/svg> <\/div><\/div><div>E-mail:bilgi@mihenkkesicitakimlar.com<\/div><\/li><li><div class=\"icon-wrap\"><div class=\"et-icon size-extra-small\"><svg xmlns=\"http:\/\/www.w3.org\/2000\/svg\" viewBox=\"0 0 492.004 492.004\"><path d=\"M382.678 226.804L163.73 7.86C158.666 2.792 151.906 0 144.698 0s-13.968 2.792-19.032 7.86l-16.124 16.12c-10.492 10.504-10.492 27.576 0 38.064L293.398 245.9l-184.06 184.06c-5.064 5.068-7.86 11.824-7.86 19.028 0 7.212 2.796 13.968 7.86 19.04l16.124 16.116c5.068 5.068 11.824 7.86 19.032 7.86s13.968-2.792 19.032-7.86L382.678 265c5.076-5.084 7.864-11.872 7.848-19.088.016-7.244-2.772-14.028-7.848-19.108z\"><\/path><\/svg> <\/div><\/div><div>Fevzi \u00c7akmak Mh. 10662 Sk. No:17\/A PK.42050 Karatay\/KONYA<\/div><\/li><\/ul>[\/vc_column_inner][\/vc_row_inner]<span class=\"et-gap et-clearfix et-gap-464260\"><\/span><span class=\"et-gap et-clearfix et-gap-684261\"><\/span>[\/vc_column][vc_column animation_delay=&#8221;0&#8243; element_id=&#8221;617517&#8243; offset=&#8221;vc_col-lg-5 vc_col-md-12 vc_col-xs-12&#8243; crp=&#8221;374:6:6,375-767:6:6,768-1023:i:i,1024-1279:i:i,1280-1599:i:i,1600-1919:i:i&#8221; css=&#8221;.vc_custom_1620372645556{margin-bottom: 48px !important;border-top-width: 1px !important;border-right-width: 1px !important;border-bottom-width: 1px !important;border-left-width: 1px !important;padding-top: 32px !important;padding-right: 32px !important;padding-bottom: 0px !important;padding-left: 32px !important;background-color: rgba(224,241,251,0.5) !important;*background-color: rgb(224,241,251) !important;border-left-color: rgba(102,187,242,0.25) !important;border-left-style: solid !important;border-right-color: rgba(102,187,242,0.25) !important;border-right-style: solid !important;border-top-color: rgba(102,187,242,0.25) !important;border-top-style: solid !important;border-bottom-color: rgba(102,187,242,0.25) !important;border-bottom-style: solid !important;border-radius: 4px !important;}&#8221;]<h5 class=\"et-heading text-align-left highlight-false\" id=\"et-heading-371826\" ><span class=\"text-wrapper\"><span class=\"text\">Sizi Arayal\u0131m!<\/span><span class=\"curtain\"><\/span><\/span><\/h5><p class=\"et-heading text-align-left highlight-false\" id=\"et-heading-926036\" ><span class=\"text-wrapper\"><span class=\"text\">Bilgilerinizi b\u0131rak\u0131n, ihtiya\u00e7lar\u0131n\u0131za en uygun \u00e7\u00f6z\u00fcm\u00fc sunabilmek i\u00e7in sizi arayal\u0131m!<\/span><span class=\"curtain\"><\/span><\/span><\/p><div class=\"et-separator et-clearfix animate-false solid left horizontal et-separator-118559\" data-delay=\"\"><div class=\"line\"><\/div><\/div>\n<div class=\"wpcf7 no-js\" id=\"wpcf7-f13-o1\" lang=\"tr-TR\" dir=\"ltr\" data-wpcf7-id=\"13\">\n<div class=\"screen-reader-response\"><p role=\"status\" aria-live=\"polite\" aria-atomic=\"true\"><\/p> <ul><\/ul><\/div>\n<form action=\"\/main\/wp-json\/wp\/v2\/pages\/2942#wpcf7-f13-o1\" method=\"post\" class=\"wpcf7-form init\" aria-label=\"\u0130leti\u015fim Formu\" novalidate=\"novalidate\" data-status=\"init\">\n<fieldset class=\"hidden-fields-container\"><input type=\"hidden\" name=\"_wpcf7\" value=\"13\" \/><input type=\"hidden\" name=\"_wpcf7_version\" value=\"6.1.4\" \/><input type=\"hidden\" name=\"_wpcf7_locale\" value=\"tr_TR\" \/><input type=\"hidden\" name=\"_wpcf7_unit_tag\" value=\"wpcf7-f13-o1\" \/><input type=\"hidden\" name=\"_wpcf7_container_post\" value=\"0\" \/><input type=\"hidden\" name=\"_wpcf7_posted_data_hash\" value=\"\" \/>\n<\/fieldset>\n<p><label> Your name<br \/>\n<span class=\"wpcf7-form-control-wrap\" data-name=\"your-name\"><input size=\"40\" maxlength=\"400\" class=\"wpcf7-form-control wpcf7-text wpcf7-validates-as-required\" autocomplete=\"name\" aria-required=\"true\" aria-invalid=\"false\" value=\"\" type=\"text\" name=\"your-name\" \/><\/span> <\/label>\n<\/p>\n<p><label> Your email<br \/>\n<span class=\"wpcf7-form-control-wrap\" data-name=\"your-email\"><input size=\"40\" maxlength=\"400\" class=\"wpcf7-form-control wpcf7-email wpcf7-validates-as-required wpcf7-text wpcf7-validates-as-email\" autocomplete=\"email\" aria-required=\"true\" aria-invalid=\"false\" value=\"\" type=\"email\" name=\"your-email\" \/><\/span> <\/label>\n<\/p>\n<p><label> Subject<br \/>\n<span class=\"wpcf7-form-control-wrap\" data-name=\"your-subject\"><input size=\"40\" maxlength=\"400\" class=\"wpcf7-form-control wpcf7-text wpcf7-validates-as-required\" aria-required=\"true\" aria-invalid=\"false\" value=\"\" type=\"text\" name=\"your-subject\" \/><\/span> <\/label>\n<\/p>\n<p><label> Your message (optional)<br \/>\n<span class=\"wpcf7-form-control-wrap\" data-name=\"your-message\"><textarea cols=\"40\" rows=\"10\" maxlength=\"2000\" class=\"wpcf7-form-control wpcf7-textarea\" aria-invalid=\"false\" name=\"your-message\"><\/textarea><\/span> <\/label>\n<\/p>\n<p><input class=\"wpcf7-form-control wpcf7-submit has-spinner\" type=\"submit\" value=\"Submit\" \/>\n<\/p><div class=\"wpcf7-response-output\" aria-hidden=\"true\"><\/div>\n<\/form>\n<\/div>\n[\/vc_column][\/vc_row]<\/p>\n<\/section>","protected":false},"excerpt":{"rendered":"<p>[vc_row gap=&#8221;40&#8243; element_id=&#8221;912009&#8243;][vc_column animation_delay=&#8221;0&#8243; element_id=&#8221;54703&#8243; offset=&#8221;vc_col-lg-7 vc_col-md-12 vc_col-xs-12&#8243; crp=&#8221;374:i:i,375-767:i:i,768-1023:i:i,1024-1279:i:i,1280-1599:i:i,1600-1919:i:i&#8221;][vc_column_text animation_delay=&#8221;0&#8243;] Her bir m\u00fc\u015fteriye ula\u015fmak i\u00e7in \u00f6zenle \u00e7al\u0131\u015f\u0131yoruz. M\u00fc\u015fterilerimizin ekipmanlar\u0131n\u0131 almak i\u00e7in ne kadar istekli olduklar\u0131n\u0131 anlayan \u00fcretim tutkunlar\u0131y\u0131z. [\/vc_column_text][vc_row_inner equal_height=&#8221;yes&#8221; content_placement=&#8221;middle&#8221; element_id=&#8221;572371&#8243;][vc_column_inner width=&#8221;1\/2&#8243;][vc_gmaps link=&#8221;#E-8_JTNDaWZyYW1lJTIwc3JjJTNEJTIyaHR0cHMlM0ElMkYlMkZ3d3cuZ29vZ2xlLmNvbSUyRm1hcHMlMkZlbWJlZCUzRnBiJTNEJTIxMW0xNCUyMTFtMTIlMjExbTMlMjExZDUwMC44MjkzMjMyMjA1NDA0JTIxMmQzMi41NDY5MzY4OTgwNjUzNiUyMTNkMzcuOTI1ODM0NzE4NDU2NTklMjEybTMlMjExZjAlMjEyZjAlMjEzZjAlMjEzbTIlMjExaTEwMjQlMjEyaTc2OCUyMTRmMTMuMSUyMTVlMCUyMTNtMiUyMTFzdHIlMjEyc3RyJTIxNHYxNzA3MDY3NjM5OTA0JTIxNW0yJTIxMXN0ciUyMTJzdHIlMjIlMjB3aWR0aCUzRCUyMjYwMCUyMiUyMGhlaWdodCUzRCUyMjQ1MCUyMiUyMHN0eWxlJTNEJTIyYm9yZGVyJTNBMCUzQiUyMiUyMGFsbG93ZnVsbHNjcmVlbiUzRCUyMiUyMiUyMGxvYWRpbmclM0QlMjJsYXp5JTIyJTIwcmVmZXJyZXJwb2xpY3klM0QlMjJuby1yZWZlcnJlci13aGVuLWRvd25ncmFkZSUyMiUzRSUzQyUyRmlmcmFtZSUzRQ==&#8221; size=&#8221;210&#8243;][\/vc_column_inner][vc_column_inner width=&#8221;1\/2&#8243;][\/vc_column_inner][\/vc_row_inner][\/vc_column][vc_column animation_delay=&#8221;0&#8243; element_id=&#8221;617517&#8243; offset=&#8221;vc_col-lg-5 vc_col-md-12 vc_col-xs-12&#8243; crp=&#8221;374:6:6,375-767:6:6,768-1023:i:i,1024-1279:i:i,1280-1599:i:i,1600-1919:i:i&#8221; css=&#8221;.vc_custom_1620372645556{margin-bottom: 48px !important;border-top-width: 1px !important;border-right-width: 1px !important;border-bottom-width: 1px !important;border-left-width: 1px !important;padding-top: 32px !important;padding-right: [&hellip;]<\/p>\n","protected":false},"author":1,"featured_media":0,"parent":0,"menu_order":0,"comment_status":"closed","ping_status":"closed","template":"page-vc.php","meta":{"footnotes":""},"class_list":["post-2942","page","type-page","status-publish","hentry"],"lang":"tr","translations":{"tr":2942},"jetpack_sharing_enabled":true,"pll_sync_post":[],"_links":{"self":[{"href":"https:\/\/mihenkkesicitakimlar.com\/main\/wp-json\/wp\/v2\/pages\/2942","targetHints":{"allow":["GET"]}}],"collection":[{"href":"https:\/\/mihenkkesicitakimlar.com\/main\/wp-json\/wp\/v2\/pages"}],"about":[{"href":"https:\/\/mihenkkesicitakimlar.com\/main\/wp-json\/wp\/v2\/types\/page"}],"author":[{"embeddable":true,"href":"https:\/\/mihenkkesicitakimlar.com\/main\/wp-json\/wp\/v2\/users\/1"}],"replies":[{"embeddable":true,"href":"https:\/\/mihenkkesicitakimlar.com\/main\/wp-json\/wp\/v2\/comments?post=2942"}],"version-history":[{"count":7,"href":"https:\/\/mihenkkesicitakimlar.com\/main\/wp-json\/wp\/v2\/pages\/2942\/revisions"}],"predecessor-version":[{"id":4267,"href":"https:\/\/mihenkkesicitakimlar.com\/main\/wp-json\/wp\/v2\/pages\/2942\/revisions\/4267"}],"wp:attachment":[{"href":"https:\/\/mihenkkesicitakimlar.com\/main\/wp-json\/wp\/v2\/media?parent=2942"}],"curies":[{"name":"wp","href":"https:\/\/api.w.org\/{rel}","templated":true}]}}